{"id":29450,"date":"2024-02-20T12:32:49","date_gmt":"2024-02-20T10:32:49","guid":{"rendered":"https:\/\/archivum.eloszekelyfold.ro\/uj\/?page_id=29450"},"modified":"2024-02-20T12:50:02","modified_gmt":"2024-02-20T10:50:02","slug":"kezdolap","status":"publish","type":"page","link":"https:\/\/archivum.eloszekelyfold.ro\/index.php\/kezdolap\/","title":{"rendered":"Kezd\u0151lap"},"content":{"rendered":"<p>[et_pb_section fb_built=&#8221;1&#8243; _builder_version=&#8221;4.24.1&#8243; _module_preset=&#8221;default&#8221; global_colors_info=&#8221;{}&#8221;][et_pb_row _builder_version=&#8221;4.24.1&#8243; _module_preset=&#8221;default&#8221; global_colors_info=&#8221;{}&#8221;][et_pb_column type=&#8221;4_4&#8243; _builder_version=&#8221;4.24.1&#8243; _module_preset=&#8221;default&#8221; global_colors_info=&#8221;{}&#8221;][et_pb_text _builder_version=&#8221;4.24.1&#8243; _module_preset=&#8221;default&#8221; hover_enabled=&#8221;0&#8243; global_colors_info=&#8221;{}&#8221; sticky_enabled=&#8221;0&#8243;]<\/p>\n<p style=\"text-align: center;\">R\u00e9gebbi tartalmaink, melyek az eloszekelyfold.com oldalon jelentek meg, mostant\u00f3l az\u00a0<span style=\"color: #0000ff;\"><a style=\"color: #0000ff;\" href=\"http:\/\/archivum.eloszekelyfold.ro\/\"><strong>http:\/\/archivum.eloszekelyfold.ro\/<\/strong><\/a><\/span>\u00a0c\u00edmen \u00e9rhet\u0151ek el. Friss tartalmakat az\u00a0<a href=\"https:\/\/eloszekelyfold.ro\/\"><span style=\"color: #0000ff;\"><strong>https:\/\/eloszekelyfold.ro\/<\/strong><\/span><\/a>\u00a0oldalon olvashatnak. A SICVLICVM projekthez kapcsolod\u00f3 cikkeink az\u00a0<strong><span style=\"color: #0000ff;\"><a style=\"color: #0000ff;\" href=\"https:\/\/aszekelyhaz.ro\/\">https:\/\/aszekelyhaz.ro\/<\/a>\u00a0<\/span><\/strong>c\u00edmen \u00e9rhet\u0151ek el.<\/p>\n<p>[\/et_pb_text][et_pb_code _builder_version=&#8221;4.24.1&#8243; _module_preset=&#8221;default&#8221; hover_enabled=&#8221;0&#8243; sticky_enabled=&#8221;0&#8243;][vc_section][vc_row parallax=&#8221;content-moving-fade&#8221; css=&#8221;.vc_custom_1641467033923{background-color: #dd9933 !important;}&#8221;][vc_column video_bg=&#8221;yes&#8221; video_bg_url=&#8221;http:\/\/archivum.eloszekelyfold.ro\/wp-content\/uploads\/2021\/12\/278_punkosdi_kiralyne_siklodon.jpg&#8221;][vc_cta h2=&#8221;\u00c9l\u0151 Sz\u00e9kelyf\u00f6ld archivum&#8221; txt_align=&#8221;center&#8221; color=&#8221;sandy-brown&#8221; el_width=&#8221;lg&#8221; add_button=&#8221;bottom&#8221; btn_title=&#8221;Friss tartalmak&#8221; btn_color=&#8221;green&#8221; btn_align=&#8221;center&#8221; btn_link=&#8221;url:https%3A%2F%2Feloszekelyfold.ro%2F|target:_blank&#8221;]R\u00e9gebbi tartalmaink, melyek az eloszekelyfold.com oldalon jelentek meg, mostant\u00f3l az http:\/\/archivum.eloszekelyfold.ro\/ c\u00edmen \u00e9rhet\u0151ek el. Friss tartalmakat az https:\/\/eloszekelyfold.ro\/ oldalon olvashatnak. A SICVLICVM projekthez kapcsolod\u00f3 cikkeink az https:\/\/aszekelyhaz.ro\/ c\u00edmen \u00e9rhet\u0151ek el.[\/vc_cta][\/vc_column][\/vc_row][\/vc_section][vc_row][vc_column][bs-grid-listing-1 columns=&#8221;4&#8243; show_excerpt=&#8221;1&#8243; title=&#8221;&#8221; icon=&#8221;&#8221; hide_title=&#8221;1&#8243; heading_color=&#8221;&#8221; heading_style=&#8221;default&#8221; title_link=&#8221;&#8221; category=&#8221;&#8221; tag=&#8221;&#8221; count=&#8221;30&#8243; post_ids=&#8221;&#8221; offset=&#8221;&#8221; featured_image=&#8221;0&#8243; ignore_sticky_posts=&#8221;1&#8243; author_ids=&#8221;&#8221; disable_duplicate=&#8221;0&#8243; time_filter=&#8221;&#8221; order=&#8221;ASC&#8221; order_by=&#8221;date&#8221; orderby_meta_key=&#8221;&#8221; orderby_meta_value_type=&#8221;CHAR&#8221; _name_1=&#8221;&#8221; post_type=&#8221;&#8221; taxonomy=&#8221;&#8221; _name_2=&#8221;&#8221; cats-tags-condition=&#8221;and&#8221; cats-condition=&#8221;in&#8221; tags-condition=&#8221;in&#8221; tabs=&#8221;&#8221; tabs_cat_filter=&#8221;&#8221; tabs_tax_filter=&#8221;&#8221; tabs_content_type=&#8221;deferred&#8221; paginate=&#8221;simple_numbered&#8221; pagination-show-label=&#8221;0&#8243; pagination-slides-count=&#8221;3&#8243; slider-animation-speed=&#8221;750&#8243; slider-autoplay=&#8221;1&#8243; slider-speed=&#8221;3000&#8243; slider-control-dots=&#8221;off&#8221; slider-control-next-prev=&#8221;style-1&#8243; ad-help=&#8221;&#8221; bs-show-desktop=&#8221;1&#8243; bs-show-tablet=&#8221;1&#8243; bs-show-phone=&#8221;1&#8243; custom-css-class=&#8221;&#8221; custom-id=&#8221;&#8221; override-listing-settings=&#8221;0&#8243; listing-settings=&#8221;&#8221; bs-text-color-scheme=&#8221;&#8221; css=&#8221;&#8221;][\/vc_column][\/vc_row][\/et_pb_code][\/et_pb_column][\/et_pb_row][\/et_pb_section]<\/p>\n","protected":false},"excerpt":{"rendered":"<p>[et_pb_section fb_built=&#8221;1&#8243; _builder_version=&#8221;4.24.1&#8243; _module_preset=&#8221;default&#8221; global_colors_info=&#8221;{}&#8221;][et_pb_row _builder_version=&#8221;4.24.1&#8243; _module_preset=&#8221;default&#8221; global_colors_info=&#8221;{}&#8221;][et_pb_column type=&#8221;4_4&#8243; _builder_version=&#8221;4.24.1&#8243; _module_preset=&#8221;default&#8221; global_colors_info=&#8221;{}&#8221;][et_pb_text _builder_version=&#8221;4.24.1&#8243; _module_preset=&#8221;default&#8221; hover_enabled=&#8221;0&#8243; global_colors_info=&#8221;{}&#8221; sticky_enabled=&#8221;0&#8243;] R\u00e9gebbi tartalmaink, melyek az eloszekelyfold.com oldalon jelentek meg, mostant\u00f3l az\u00a0http:\/\/archivum.eloszekelyfold.ro\/\u00a0c\u00edmen \u00e9rhet\u0151ek el. Friss tartalmakat az\u00a0https:\/\/eloszekelyfold.ro\/\u00a0oldalon olvashatnak. A SICVLICVM projekthez kapcsolod\u00f3 cikkeink az\u00a0https:\/\/aszekelyhaz.ro\/\u00a0c\u00edmen \u00e9rhet\u0151ek el. [\/et_pb_text][et_pb_code _builder_version=&#8221;4.24.1&#8243; _module_preset=&#8221;default&#8221; hover_enabled=&#8221;0&#8243; sticky_enabled=&#8221;0&#8243;][vc_section][vc_row parallax=&#8221;content-moving-fade&#8221; css=&#8221;.vc_custom_1641467033923{background-color: #dd9933 !important;}&#8221;][vc_column video_bg=&#8221;yes&#8221; video_bg_url=&#8221;http:\/\/archivum.eloszekelyfold.ro\/wp-content\/uploads\/2021\/12\/278_punkosdi_kiralyne_siklodon.jpg&#8221;][vc_cta h2=&#8221;\u00c9l\u0151 Sz\u00e9kelyf\u00f6ld archivum&#8221; [&hellip;]<\/p>\n","protected":false},"author":1,"featured_media":0,"parent":0,"menu_order":0,"comment_status":"closed","ping_status":"closed","template":"","meta":{"footnotes":""},"class_list":["post-29450","page","type-page","status-publish","hentry"],"_links":{"self":[{"href":"https:\/\/archivum.eloszekelyfold.ro\/index.php\/wp-json\/wp\/v2\/pages\/29450","targetHints":{"allow":["GET"]}}],"collection":[{"href":"https:\/\/archivum.eloszekelyfold.ro\/index.php\/wp-json\/wp\/v2\/pages"}],"about":[{"href":"https:\/\/archivum.eloszekelyfold.ro\/index.php\/wp-json\/wp\/v2\/types\/page"}],"author":[{"embeddable":true,"href":"https:\/\/archivum.eloszekelyfold.ro\/index.php\/wp-json\/wp\/v2\/users\/1"}],"replies":[{"embeddable":true,"href":"https:\/\/archivum.eloszekelyfold.ro\/index.php\/wp-json\/wp\/v2\/comments?post=29450"}],"version-history":[{"count":6,"href":"https:\/\/archivum.eloszekelyfold.ro\/index.php\/wp-json\/wp\/v2\/pages\/29450\/revisions"}],"predecessor-version":[{"id":29460,"href":"https:\/\/archivum.eloszekelyfold.ro\/index.php\/wp-json\/wp\/v2\/pages\/29450\/revisions\/29460"}],"wp:attachment":[{"href":"https:\/\/archivum.eloszekelyfold.ro\/index.php\/wp-json\/wp\/v2\/media?parent=29450"}],"curies":[{"name":"wp","href":"https:\/\/api.w.org\/{rel}","templated":true}]}}